{"id":11,"date":"2012-09-27T11:33:47","date_gmt":"2012-09-27T11:33:47","guid":{"rendered":"http:\/\/www.burnspage.de\/partnerschaft\/wordpress\/?page_id=11"},"modified":"2025-08-10T12:30:08","modified_gmt":"2025-08-10T10:30:08","slug":"royal-lemington-spa","status":"publish","type":"page","link":"https:\/\/www.bruehler-staedtefreundschaften.de\/?page_id=11","title":{"rendered":"Royal Leamington Spa"},"content":{"rendered":"<p><img decoding=\"async\" loading=\"lazy\" class=\"alignleft size-thumbnail wp-image-56\" title=\"Royal Leamington Spa\" src=\"wp-content\/uploads\/2012\/09\/rls-150x150.png\" alt=\"\" width=\"150\" height=\"150\" \/>Die englische Partnerstadt Royal Leamington Spa liegt in der Grafschaft Warwickshire, ungef\u00e4hr 40 Kilometer s\u00fcd\u00f6stlich von Birmingham. Die Einwohnerzahl betr\u00e4gt ca. 50.000. Leamington Spa bietet ansprechende viktorianische und georgianische Architektur und viele Parkanlagen.<\/p>\n<p>Im 19. Jahrhundert entwickelte es sich zu einer bedeutenden k\u00f6niglichen B\u00e4derstadt, daher der Namenszusatz &#8222;Royal&#8220;. Heute ist Leamington Spa ein wichtiger Wirtschafts- und Bildungsstandort. So gibt es beispielsweise das &#8222;Warwickshire College&#8220;.<\/p>\n<p>Verkehrstechnisch ist Royal Leamington Spa an das Landstra\u00dfen- und Autobahnnetz angebunden. Zudem gelangt man mit der Bahn in ungef\u00e4hr anderthalb Stunden nach London.<\/p>\n<p>Royal Leamington Spa \u00a0bietet sich als Ausgangspunkt f\u00fcr Ausfl\u00fcge in das &#8222;Shakespeare-Land&#8220; mit dem nahegelegenen Stratford-upon-Avon an.<\/p>\n<p>Der Vertrag zur St\u00e4dtepartnerschaft zwischen Br\u00fchl und Royal Leamington Spa wurde am 6. Oktober 1973 unterzeichnet.<\/p>\n<p>Seit 1973 besteht eine Dreiecksbeziehung in Sachen St\u00e4dtepartnerschaft zwischen Br\u00fchl, Sceaux und Leamington Spa, denn 1969 waren die beiden letztgenannten ihrerseits eine Verbindung eingegangen.<\/p>\n<p>Der Partnerschaftsverein in Royal Leamington Spa nennt sich &#8222;Leamington International Twinning Society&#8220; (LITS). Die Adresse des Internetauftritts lautet:<\/p>\n<p><a href=\"https:\/\/www.leamtwinning.uk\/\">https:\/\/www.leamtwinning.uk\/<\/a><\/p>\n","protected":false},"excerpt":{"rendered":"<p>Die englische Partnerstadt Royal Leamington Spa liegt in der Grafschaft Warwickshire, ungef\u00e4hr 40 Kilometer s\u00fcd\u00f6stlich von Birmingham. Die Einwohnerzahl betr\u00e4gt ca. 50.000. Leamington Spa bietet ansprechende viktorianische und georgianische Architektur und viele Parkanlagen. Im 19. Jahrhundert entwickelte es sich zu einer bedeutenden k\u00f6niglichen B\u00e4derstadt, daher der Namenszusatz &#8222;Royal&#8220;. Heute ist Leamington Spa ein wichtiger Wirtschafts- &hellip; <\/p>\n<p><a class=\"more-link btn\" href=\"https:\/\/www.bruehler-staedtefreundschaften.de\/?page_id=11\">Weiterlesen<\/a><\/p>\n","protected":false},"author":133,"featured_media":0,"parent":77,"menu_order":2,"comment_status":"open","ping_status":"open","template":"","meta":{"_uag_custom_page_level_css":"","footnotes":""},"uagb_featured_image_src":{"full":false,"thumbnail":false,"medium":false,"medium_large":false,"large":false,"1536x1536":false,"2048x2048":false,"graphene_slider":false,"graphene_featured_image":false,"post-thumbnail":false,"rpwe-thumbnail":false},"uagb_author_info":{"display_name":"Matthias Schirmeier","author_link":"https:\/\/www.bruehler-staedtefreundschaften.de\/?author=133"},"uagb_comment_info":0,"uagb_excerpt":"Die englische Partnerstadt Royal Leamington Spa liegt in der Grafschaft Warwickshire, ungef\u00e4hr 40 Kilometer s\u00fcd\u00f6stlich von Birmingham. Die Einwohnerzahl betr\u00e4gt ca. 50.000. Leamington Spa bietet ansprechende viktorianische und georgianische Architektur und viele Parkanlagen. Im 19. Jahrhundert entwickelte es sich zu einer bedeutenden k\u00f6niglichen B\u00e4derstadt, daher der Namenszusatz &#8222;Royal&#8220;. Heute ist Leamington Spa ein wichtiger Wirtschafts-&hellip;","_links":{"self":[{"href":"https:\/\/www.bruehler-staedtefreundschaften.de\/index.php?rest_route=\/wp\/v2\/pages\/11"}],"collection":[{"href":"https:\/\/www.bruehler-staedtefreundschaften.de\/index.php?rest_route=\/wp\/v2\/pages"}],"about":[{"href":"https:\/\/www.bruehler-staedtefreundschaften.de\/index.php?rest_route=\/wp\/v2\/types\/page"}],"author":[{"embeddable":true,"href":"https:\/\/www.bruehler-staedtefreundschaften.de\/index.php?rest_route=\/wp\/v2\/users\/133"}],"replies":[{"embeddable":true,"href":"https:\/\/www.bruehler-staedtefreundschaften.de\/index.php?rest_route=%2Fwp%2Fv2%2Fcomments&post=11"}],"version-history":[{"count":11,"href":"https:\/\/www.bruehler-staedtefreundschaften.de\/index.php?rest_route=\/wp\/v2\/pages\/11\/revisions"}],"predecessor-version":[{"id":773,"href":"https:\/\/www.bruehler-staedtefreundschaften.de\/index.php?rest_route=\/wp\/v2\/pages\/11\/revisions\/773"}],"up":[{"embeddable":true,"href":"https:\/\/www.bruehler-staedtefreundschaften.de\/index.php?rest_route=\/wp\/v2\/pages\/77"}],"wp:attachment":[{"href":"https:\/\/www.bruehler-staedtefreundschaften.de\/index.php?rest_route=%2Fwp%2Fv2%2Fmedia&parent=11"}],"curies":[{"name":"wp","href":"https:\/\/api.w.org\/{rel}","templated":true}]}}