{"id":13,"date":"2012-09-27T11:33:55","date_gmt":"2012-09-27T11:33:55","guid":{"rendered":"http:\/\/www.burnspage.de\/partnerschaft\/wordpress\/?page_id=13"},"modified":"2025-08-10T20:54:11","modified_gmt":"2025-08-10T18:54:11","slug":"weiswasser","status":"publish","type":"page","link":"https:\/\/www.bruehler-staedtefreundschaften.de\/?page_id=13","title":{"rendered":"Wei\u00dfwasser"},"content":{"rendered":"<p><img decoding=\"async\" loading=\"lazy\" class=\"alignleft size-thumbnail wp-image-58\" title=\"Wei\u00dfwasser\" src=\"wp-content\/uploads\/2012\/09\/weis-150x150.png\" alt=\"\" width=\"150\" height=\"150\" srcset=\"https:\/\/www.bruehler-staedtefreundschaften.de\/wp-content\/uploads\/2012\/09\/weis-150x150.png 150w, https:\/\/www.bruehler-staedtefreundschaften.de\/wp-content\/uploads\/2012\/09\/weis-300x300.png 300w, https:\/\/www.bruehler-staedtefreundschaften.de\/wp-content\/uploads\/2012\/09\/weis.png 340w\" sizes=\"(max-width: 150px) 100vw, 150px\" \/>Die s\u00e4chsische Freundschaftsstadt Wei\u00dfwasser befindet sich im sorbischen Siedlungsgebiet in der Oberlausitz und tr\u00e4gt daher den sorbischen Namen Bela Woda. Sie liegt ungef\u00e4hr 100 \u00a0Kilometer nord\u00f6stlich von Dresden. Die Einwohnerzahl betr\u00e4gt ca. 15.000. Traditionell ist die Stadt durch Glasindustrie und Braunkohleabbau, aber auch durch Eissport (z. B. Eishockey) gepr\u00e4gt.<\/p>\n<p>Wei\u00dfwasser ist von Heide- und Waldlandschaften umgeben. Bad Muskau mit seinem Park und die polnische Grenze sind nicht weit. Zudem liegt es im Lausitzer Seenland, einem k\u00fcnstlichen Wassersystem, das durch das Fluten ehemaliger Braunkohletagebaue am Entstehen ist.<\/p>\n<p>Die St\u00e4dtefreundschaft zwischen Br\u00fchl und Wei\u00dfwasser wurde am ersten Tag der Deutschen Einheit, am 3. Oktober 1990, besiegelt.<\/p>\n","protected":false},"excerpt":{"rendered":"<p>Die s\u00e4chsische Freundschaftsstadt Wei\u00dfwasser befindet sich im sorbischen Siedlungsgebiet in der Oberlausitz und tr\u00e4gt daher den sorbischen Namen Bela Woda. Sie liegt ungef\u00e4hr 100 \u00a0Kilometer nord\u00f6stlich von Dresden. Die Einwohnerzahl betr\u00e4gt ca. 15.000. Traditionell ist die Stadt durch Glasindustrie und Braunkohleabbau, aber auch durch Eissport (z. B. Eishockey) gepr\u00e4gt. Wei\u00dfwasser ist von Heide- und Waldlandschaften &hellip; <\/p>\n<p><a class=\"more-link btn\" href=\"https:\/\/www.bruehler-staedtefreundschaften.de\/?page_id=13\">Weiterlesen<\/a><\/p>\n","protected":false},"author":133,"featured_media":0,"parent":77,"menu_order":3,"comment_status":"open","ping_status":"open","template":"","meta":{"_uag_custom_page_level_css":"","footnotes":""},"uagb_featured_image_src":{"full":false,"thumbnail":false,"medium":false,"medium_large":false,"large":false,"1536x1536":false,"2048x2048":false,"graphene_slider":false,"graphene_featured_image":false,"post-thumbnail":false,"rpwe-thumbnail":false},"uagb_author_info":{"display_name":"Matthias Schirmeier","author_link":"https:\/\/www.bruehler-staedtefreundschaften.de\/?author=133"},"uagb_comment_info":0,"uagb_excerpt":"Die s\u00e4chsische Freundschaftsstadt Wei\u00dfwasser befindet sich im sorbischen Siedlungsgebiet in der Oberlausitz und tr\u00e4gt daher den sorbischen Namen Bela Woda. Sie liegt ungef\u00e4hr 100 \u00a0Kilometer nord\u00f6stlich von Dresden. Die Einwohnerzahl betr\u00e4gt ca. 15.000. Traditionell ist die Stadt durch Glasindustrie und Braunkohleabbau, aber auch durch Eissport (z. B. Eishockey) gepr\u00e4gt. Wei\u00dfwasser ist von Heide- und Waldlandschaften&hellip;","_links":{"self":[{"href":"https:\/\/www.bruehler-staedtefreundschaften.de\/index.php?rest_route=\/wp\/v2\/pages\/13"}],"collection":[{"href":"https:\/\/www.bruehler-staedtefreundschaften.de\/index.php?rest_route=\/wp\/v2\/pages"}],"about":[{"href":"https:\/\/www.bruehler-staedtefreundschaften.de\/index.php?rest_route=\/wp\/v2\/types\/page"}],"author":[{"embeddable":true,"href":"https:\/\/www.bruehler-staedtefreundschaften.de\/index.php?rest_route=\/wp\/v2\/users\/133"}],"replies":[{"embeddable":true,"href":"https:\/\/www.bruehler-staedtefreundschaften.de\/index.php?rest_route=%2Fwp%2Fv2%2Fcomments&post=13"}],"version-history":[{"count":7,"href":"https:\/\/www.bruehler-staedtefreundschaften.de\/index.php?rest_route=\/wp\/v2\/pages\/13\/revisions"}],"predecessor-version":[{"id":793,"href":"https:\/\/www.bruehler-staedtefreundschaften.de\/index.php?rest_route=\/wp\/v2\/pages\/13\/revisions\/793"}],"up":[{"embeddable":true,"href":"https:\/\/www.bruehler-staedtefreundschaften.de\/index.php?rest_route=\/wp\/v2\/pages\/77"}],"wp:attachment":[{"href":"https:\/\/www.bruehler-staedtefreundschaften.de\/index.php?rest_route=%2Fwp%2Fv2%2Fmedia&parent=13"}],"curies":[{"name":"wp","href":"https:\/\/api.w.org\/{rel}","templated":true}]}}