{"id":19,"date":"2012-09-27T11:34:22","date_gmt":"2012-09-27T11:34:22","guid":{"rendered":"http:\/\/www.burnspage.de\/partnerschaft\/wordpress\/?page_id=19"},"modified":"2025-08-10T12:31:34","modified_gmt":"2025-08-10T10:31:34","slug":"kas","status":"publish","type":"page","link":"https:\/\/www.bruehler-staedtefreundschaften.de\/?page_id=19","title":{"rendered":"Kas"},"content":{"rendered":"<p><img decoding=\"async\" loading=\"lazy\" class=\"alignleft size-thumbnail wp-image-54\" title=\"Kas\" src=\"wp-content\/uploads\/2012\/09\/kas-150x150.png\" alt=\"\" width=\"150\" height=\"150\" srcset=\"https:\/\/www.bruehler-staedtefreundschaften.de\/wp-content\/uploads\/2012\/09\/kas-150x150.png 150w, https:\/\/www.bruehler-staedtefreundschaften.de\/wp-content\/uploads\/2012\/09\/kas-300x300.png 300w, https:\/\/www.bruehler-staedtefreundschaften.de\/wp-content\/uploads\/2012\/09\/kas.png 341w\" sizes=\"(max-width: 150px) 100vw, 150px\" \/>Die t\u00fcrkische Freundschaftsstadt Kas liegt in der Provinz Antalya, ungef\u00e4hr 180 Kilometer s\u00fcdwestlich der Stadt Antalya. Die Einwohnerzahl betr\u00e4gt ca. 9.000. Der historische, bis in die Antike zur\u00fcckgehende Stadtkern von Kas steht unter Denkmalschutz.<\/p>\n<p>Durch seine Lage am Mittelmeer, weitere antike Denkm\u00e4ler in der Umgebung sowie das Yavu-Bergland im Landesinneren lebt Kas zu einem guten Teil vom Tourismus.<\/p>\n<p>Die St\u00e4dtefreundschaft zwischen Br\u00fchl und Kas wurde am 13. Juli 2002 besiegelt.<\/p>\n","protected":false},"excerpt":{"rendered":"<p>Die t\u00fcrkische Freundschaftsstadt Kas liegt in der Provinz Antalya, ungef\u00e4hr 180 Kilometer s\u00fcdwestlich der Stadt Antalya. Die Einwohnerzahl betr\u00e4gt ca. 9.000. Der historische, bis in die Antike zur\u00fcckgehende Stadtkern von Kas steht unter Denkmalschutz. Durch seine Lage am Mittelmeer, weitere antike Denkm\u00e4ler in der Umgebung sowie das Yavu-Bergland im Landesinneren lebt Kas zu einem guten &hellip; <\/p>\n<p><a class=\"more-link btn\" href=\"https:\/\/www.bruehler-staedtefreundschaften.de\/?page_id=19\">Weiterlesen<\/a><\/p>\n","protected":false},"author":133,"featured_media":0,"parent":77,"menu_order":6,"comment_status":"open","ping_status":"open","template":"","meta":{"_uag_custom_page_level_css":"","footnotes":""},"uagb_featured_image_src":{"full":false,"thumbnail":false,"medium":false,"medium_large":false,"large":false,"1536x1536":false,"2048x2048":false,"graphene_slider":false,"graphene_featured_image":false,"post-thumbnail":false,"rpwe-thumbnail":false},"uagb_author_info":{"display_name":"Matthias Schirmeier","author_link":"https:\/\/www.bruehler-staedtefreundschaften.de\/?author=133"},"uagb_comment_info":0,"uagb_excerpt":"Die t\u00fcrkische Freundschaftsstadt Kas liegt in der Provinz Antalya, ungef\u00e4hr 180 Kilometer s\u00fcdwestlich der Stadt Antalya. Die Einwohnerzahl betr\u00e4gt ca. 9.000. Der historische, bis in die Antike zur\u00fcckgehende Stadtkern von Kas steht unter Denkmalschutz. Durch seine Lage am Mittelmeer, weitere antike Denkm\u00e4ler in der Umgebung sowie das Yavu-Bergland im Landesinneren lebt Kas zu einem guten&hellip;","_links":{"self":[{"href":"https:\/\/www.bruehler-staedtefreundschaften.de\/index.php?rest_route=\/wp\/v2\/pages\/19"}],"collection":[{"href":"https:\/\/www.bruehler-staedtefreundschaften.de\/index.php?rest_route=\/wp\/v2\/pages"}],"about":[{"href":"https:\/\/www.bruehler-staedtefreundschaften.de\/index.php?rest_route=\/wp\/v2\/types\/page"}],"author":[{"embeddable":true,"href":"https:\/\/www.bruehler-staedtefreundschaften.de\/index.php?rest_route=\/wp\/v2\/users\/133"}],"replies":[{"embeddable":true,"href":"https:\/\/www.bruehler-staedtefreundschaften.de\/index.php?rest_route=%2Fwp%2Fv2%2Fcomments&post=19"}],"version-history":[{"count":7,"href":"https:\/\/www.bruehler-staedtefreundschaften.de\/index.php?rest_route=\/wp\/v2\/pages\/19\/revisions"}],"predecessor-version":[{"id":771,"href":"https:\/\/www.bruehler-staedtefreundschaften.de\/index.php?rest_route=\/wp\/v2\/pages\/19\/revisions\/771"}],"up":[{"embeddable":true,"href":"https:\/\/www.bruehler-staedtefreundschaften.de\/index.php?rest_route=\/wp\/v2\/pages\/77"}],"wp:attachment":[{"href":"https:\/\/www.bruehler-staedtefreundschaften.de\/index.php?rest_route=%2Fwp%2Fv2%2Fmedia&parent=19"}],"curies":[{"name":"wp","href":"https:\/\/api.w.org\/{rel}","templated":true}]}}