{"id":671,"date":"2025-10-03T16:47:58","date_gmt":"2025-10-03T14:47:58","guid":{"rendered":"https:\/\/www.bruehler-staedtefreundschaften.de\/?page_id=671"},"modified":"2025-10-03T17:02:00","modified_gmt":"2025-10-03T15:02:00","slug":"mitglied-werden","status":"publish","type":"page","link":"https:\/\/www.bruehler-staedtefreundschaften.de\/?page_id=671","title":{"rendered":"FBS-Mitglied werden \/ FBS f\u00f6rdern"},"content":{"rendered":"\n<p>Wenn Sie gerne Mitglied im FBS werden m\u00f6chten, dann f\u00fcllen Sie bitte das folgende Formular aus. Eine Mitgliedschaft im FBS ist m\u00f6glich f\u00fcr Einzelpersonen, Ehepaare bzw. Paare und Familien. W\u00e4hlen Sie bitte im Formular die f\u00fcr Sie zutreffende Kategorie und damit die H\u00f6he des Mitgliedsbeitrages aus. <\/p>\n\n\n\n<p>Alle Personen oder Organisationen, die sich den Zielen des FBS verbunden f\u00fchlen, d\u00fcrfen dem Verein gerne einen F\u00f6rderbeitrag zukommen lassen. W\u00e4hlen Sie dazu bitte im Formular die Kategorie &#8222;F\u00f6rderbeitrag&#8220; aus und teilen Sie uns im Kommentarfeld weitere Einzelheiten mit. Ab einer Summe von 50 Euro stellt unsere Schatzmeisterin Ihnen auf Wunsch eine Spendenquittung aus.<\/p>\n\n\n\n<p>Die Bankverbindung des FBS f\u00fcr die \u00dcberweisung von Mitgliedsbeitr\u00e4gen bzw. F\u00f6rderbeitr\u00e4gen finden Sie unterhalb des Formulars.<\/p>\n\n\n\n<p>Am unteren Ende dieser Seite k\u00f6nnen Sie au\u00dferdem die Satzung des FBS nachlesen oder herunterladen.  <\/p>\n\n\n\n<h2 class=\"wp-block-heading\">Formular<\/h2>\n\n\n\n<div class=\"wp-block-contact-form-7-contact-form-selector\">\n<div class=\"wpcf7 no-js\" id=\"wpcf7-f796-o1\" lang=\"de-DE\" dir=\"ltr\">\n<div class=\"screen-reader-response\"><p role=\"status\" aria-live=\"polite\" aria-atomic=\"true\"><\/p> <ul><\/ul><\/div>\n<form action=\"\/index.php?rest_route=%2Fwp%2Fv2%2Fpages%2F671#wpcf7-f796-o1\" method=\"post\" class=\"wpcf7-form init\" aria-label=\"Kontaktformular\" novalidate=\"novalidate\" data-status=\"init\">\n<div style=\"display: none;\">\n<input type=\"hidden\" name=\"_wpcf7\" value=\"796\" \/>\n<input type=\"hidden\" name=\"_wpcf7_version\" value=\"5.9.8\" \/>\n<input type=\"hidden\" name=\"_wpcf7_locale\" value=\"de_DE\" \/>\n<input type=\"hidden\" name=\"_wpcf7_unit_tag\" value=\"wpcf7-f796-o1\" \/>\n<input type=\"hidden\" name=\"_wpcf7_container_post\" value=\"0\" \/>\n<input type=\"hidden\" name=\"_wpcf7_posted_data_hash\" value=\"\" \/>\n<\/div>\n<p><label> Nachname<br \/>\n<span class=\"wpcf7-form-control-wrap\" data-name=\"Name\"><input size=\"40\" maxlength=\"400\" class=\"wpcf7-form-control wpcf7-text wpcf7-validates-as-required\" aria-required=\"true\" aria-invalid=\"false\" value=\"\" type=\"text\" name=\"Name\" \/><\/span> <\/label>\n<\/p>\n<p><label>Vorname<br \/>\n<span class=\"wpcf7-form-control-wrap\" data-name=\"Vorname\"><input size=\"40\" maxlength=\"400\" class=\"wpcf7-form-control wpcf7-text wpcf7-validates-as-required\" aria-required=\"true\" aria-invalid=\"false\" value=\"\" type=\"text\" name=\"Vorname\" \/><\/span> <\/label>\n<\/p>\n<p><label> Stra\u00dfe und Hausnummer<br \/>\n<span class=\"wpcf7-form-control-wrap\" data-name=\"Strassenangaben\"><input size=\"40\" maxlength=\"400\" class=\"wpcf7-form-control wpcf7-text wpcf7-validates-as-required\" aria-required=\"true\" aria-invalid=\"false\" value=\"\" type=\"text\" name=\"Strassenangaben\" \/><\/span> <\/label>\n<\/p>\n<p><label> PLZ<br \/>\n<span class=\"wpcf7-form-control-wrap\" data-name=\"PLZ\"><input size=\"40\" maxlength=\"400\" class=\"wpcf7-form-control wpcf7-text wpcf7-validates-as-required\" aria-required=\"true\" aria-invalid=\"false\" value=\"\" type=\"text\" name=\"PLZ\" \/><\/span> <\/label>\n<\/p>\n<p><label> Wohnort<br \/>\n<span class=\"wpcf7-form-control-wrap\" data-name=\"Wohnort\"><input size=\"40\" maxlength=\"400\" class=\"wpcf7-form-control wpcf7-text wpcf7-validates-as-required\" aria-required=\"true\" aria-invalid=\"false\" value=\"\" type=\"text\" name=\"Wohnort\" \/><\/span> <\/label>\n<\/p>\n<p><label> Telefonnummer<br \/>\n<span class=\"wpcf7-form-control-wrap\" data-name=\"tel-315\"><input size=\"40\" maxlength=\"400\" class=\"wpcf7-form-control wpcf7-tel wpcf7-validates-as-required wpcf7-text wpcf7-validates-as-tel\" aria-required=\"true\" aria-invalid=\"false\" value=\"\" type=\"tel\" name=\"tel-315\" \/><\/span> <\/label>\n<\/p>\n<p><label> E-Mail-Adresse<br \/>\n<span class=\"wpcf7-form-control-wrap\" data-name=\"your-email\"><input size=\"40\" maxlength=\"400\" class=\"wpcf7-form-control wpcf7-email wpcf7-validates-as-required wpcf7-text wpcf7-validates-as-email\" aria-required=\"true\" aria-invalid=\"false\" value=\"\" type=\"email\" name=\"your-email\" \/><\/span> <\/label>\n<\/p>\n<p><label> Bitte w\u00e4hlen<br \/>\n<span class=\"wpcf7-form-control-wrap\" data-name=\"menu-367\"><select class=\"wpcf7-form-control wpcf7-select wpcf7-validates-as-required\" aria-required=\"true\" aria-invalid=\"false\" name=\"menu-367\"><option value=\"Einzelperson: 20\u20ac\">Einzelperson: 20\u20ac<\/option><option value=\"Ehepaar\/Paar: 35\u20ac\">Ehepaar\/Paar: 35\u20ac<\/option><option value=\"Familie: 40\u20ac\">Familie: 40\u20ac<\/option><option value=\"F\u00f6rderbeitrag: individuell\">F\u00f6rderbeitrag: individuell<\/option><\/select><\/span> <\/label>\n<\/p>\n<p><label> IBAN (Pflichtangabe)<br \/>\n<span class=\"wpcf7-form-control-wrap\" data-name=\"IBAN\"><input size=\"40\" maxlength=\"400\" class=\"wpcf7-form-control wpcf7-text\" aria-invalid=\"false\" value=\"\" type=\"text\" name=\"IBAN\" \/><\/span> <\/label>\n<\/p>\n<p><span class=\"wpcf7-form-control-wrap\" data-name=\"acceptance-252\"><span class=\"wpcf7-form-control wpcf7-acceptance optional\"><span class=\"wpcf7-list-item\"><label><input type=\"checkbox\" name=\"acceptance-252\" value=\"1\" aria-invalid=\"false\" \/><span class=\"wpcf7-list-item-label\">Ich bin damit einverstanden, dass meine hier gemachten pers\u00f6nlichen Angaben vom Vorstand des FBS f\u00fcr vereinsinterne Verwaltungszwecke verarbeitet werden. Einer weitergehenden Verwendung stimme ich ausdr\u00fccklich nicht zu.<\/span><\/label><\/span><\/span><\/span>\n<\/p>\n<p><label> Kommentarfeld<br \/>\n<span class=\"wpcf7-form-control-wrap\" data-name=\"your-message\"><textarea cols=\"40\" rows=\"10\" maxlength=\"2000\" class=\"wpcf7-form-control wpcf7-textarea\" aria-invalid=\"false\" name=\"your-message\"><\/textarea><\/span> <\/label>\n<\/p>\n<p><input class=\"wpcf7-form-control wpcf7-submit has-spinner\" type=\"submit\" value=\"Senden\" \/>\n<\/p><div class=\"wpcf7-response-output\" aria-hidden=\"true\"><\/div>\n<\/form>\n<\/div>\n<\/div>\n\n\n\n<h2 class=\"wp-block-heading\">Bankverbindung<\/h2>\n\n\n\n<p>VR-Bank Br\u00fchl-Erftstadt eG<\/p>\n\n\n\n<p>IBAN DE78 3706 2365 0036 3830 11<\/p>\n\n\n\n<h2 class=\"wp-block-heading\">Satzung<\/h2>\n\n\n\n<div data-wp-interactive=\"core\/file\" class=\"wp-block-file\"><object data-wp-bind--hidden=\"!state.hasPdfPreview\"  class=\"wp-block-file__embed\" data=\"https:\/\/www.bruehler-staedtefreundschaften.de\/wp-content\/uploads\/2012\/10\/satzung.pdf\" type=\"application\/pdf\" style=\"width:100%;height:600px\" aria-label=\"Einbettung von Satzung.\"><\/object><a id=\"wp-block-file--media-dc344c2b-aad9-43ba-ab27-946a22c96828\" href=\"https:\/\/www.bruehler-staedtefreundschaften.de\/wp-content\/uploads\/2012\/10\/satzung.pdf\">Satzung<\/a><a href=\"https:\/\/www.bruehler-staedtefreundschaften.de\/wp-content\/uploads\/2012\/10\/satzung.pdf\" class=\"wp-block-file__button wp-element-button\" download aria-describedby=\"wp-block-file--media-dc344c2b-aad9-43ba-ab27-946a22c96828\">Herunterladen<\/a><\/div>\n","protected":false},"excerpt":{"rendered":"<p>Wenn Sie gerne Mitglied im FBS werden m\u00f6chten, dann f\u00fcllen Sie bitte das folgende Formular aus. Eine Mitgliedschaft im FBS ist m\u00f6glich f\u00fcr Einzelpersonen, Ehepaare bzw. Paare und Familien. W\u00e4hlen Sie bitte im Formular die f\u00fcr Sie zutreffende Kategorie und damit die H\u00f6he des Mitgliedsbeitrages aus. Alle Personen oder Organisationen, die sich den Zielen des &hellip; <\/p>\n<p><a class=\"more-link btn\" href=\"https:\/\/www.bruehler-staedtefreundschaften.de\/?page_id=671\">Weiterlesen<\/a><\/p>\n","protected":false},"author":1,"featured_media":0,"parent":0,"menu_order":0,"comment_status":"closed","ping_status":"closed","template":"","meta":{"_uag_custom_page_level_css":"","footnotes":""},"uagb_featured_image_src":{"full":false,"thumbnail":false,"medium":false,"medium_large":false,"large":false,"1536x1536":false,"2048x2048":false,"graphene_slider":false,"graphene_featured_image":false,"post-thumbnail":false,"rpwe-thumbnail":false},"uagb_author_info":{"display_name":"admin","author_link":"https:\/\/www.bruehler-staedtefreundschaften.de\/?author=1"},"uagb_comment_info":0,"uagb_excerpt":"Wenn Sie gerne Mitglied im FBS werden m\u00f6chten, dann f\u00fcllen Sie bitte das folgende Formular aus. Eine Mitgliedschaft im FBS ist m\u00f6glich f\u00fcr Einzelpersonen, Ehepaare bzw. Paare und Familien. W\u00e4hlen Sie bitte im Formular die f\u00fcr Sie zutreffende Kategorie und damit die H\u00f6he des Mitgliedsbeitrages aus. Alle Personen oder Organisationen, die sich den Zielen des&hellip;","_links":{"self":[{"href":"https:\/\/www.bruehler-staedtefreundschaften.de\/index.php?rest_route=\/wp\/v2\/pages\/671"}],"collection":[{"href":"https:\/\/www.bruehler-staedtefreundschaften.de\/index.php?rest_route=\/wp\/v2\/pages"}],"about":[{"href":"https:\/\/www.bruehler-staedtefreundschaften.de\/index.php?rest_route=\/wp\/v2\/types\/page"}],"author":[{"embeddable":true,"href":"https:\/\/www.bruehler-staedtefreundschaften.de\/index.php?rest_route=\/wp\/v2\/users\/1"}],"replies":[{"embeddable":true,"href":"https:\/\/www.bruehler-staedtefreundschaften.de\/index.php?rest_route=%2Fwp%2Fv2%2Fcomments&post=671"}],"version-history":[{"count":9,"href":"https:\/\/www.bruehler-staedtefreundschaften.de\/index.php?rest_route=\/wp\/v2\/pages\/671\/revisions"}],"predecessor-version":[{"id":805,"href":"https:\/\/www.bruehler-staedtefreundschaften.de\/index.php?rest_route=\/wp\/v2\/pages\/671\/revisions\/805"}],"wp:attachment":[{"href":"https:\/\/www.bruehler-staedtefreundschaften.de\/index.php?rest_route=%2Fwp%2Fv2%2Fmedia&parent=671"}],"curies":[{"name":"wp","href":"https:\/\/api.w.org\/{rel}","templated":true}]}}