{"id":79,"date":"2012-09-27T13:22:08","date_gmt":"2012-09-27T13:22:08","guid":{"rendered":"http:\/\/www.burnspage.de\/partnerschaft\/wordpress\/?page_id=79"},"modified":"2025-07-27T13:43:14","modified_gmt":"2025-07-27T11:43:14","slug":"vorstand","status":"publish","type":"page","link":"https:\/\/www.bruehler-staedtefreundschaften.de\/?page_id=79","title":{"rendered":"Vorstand"},"content":{"rendered":"\n<h2 class=\"wp-block-heading\">&nbsp;<\/h2>\n\n\n\n<div class=\"wp-block-media-text is-stacked-on-mobile\" style=\"grid-template-columns:20% auto\"><figure class=\"wp-block-media-text__media\"><img decoding=\"async\" loading=\"lazy\" width=\"915\" height=\"1024\" src=\"https:\/\/www.bruehler-staedtefreundschaften.de\/wp-content\/uploads\/2012\/09\/wellnitz-915x1024.jpg\" alt=\"\" class=\"wp-image-382 size-full\" srcset=\"https:\/\/www.bruehler-staedtefreundschaften.de\/wp-content\/uploads\/2012\/09\/wellnitz-915x1024.jpg 915w, https:\/\/www.bruehler-staedtefreundschaften.de\/wp-content\/uploads\/2012\/09\/wellnitz-268x300.jpg 268w, https:\/\/www.bruehler-staedtefreundschaften.de\/wp-content\/uploads\/2012\/09\/wellnitz.jpg 937w\" sizes=\"(max-width: 915px) 100vw, 915px\" \/><\/figure><div class=\"wp-block-media-text__content\">\n<p class=\"has-large-font-size\"><strong>Vorsitzender<\/strong><\/p>\n\n\n\n<p class=\"has-large-font-size\">Michael Wellnitz<\/p>\n\n\n\n<p><\/p>\n<\/div><\/div>\n\n\n\n<div class=\"wp-block-media-text is-stacked-on-mobile\" style=\"grid-template-columns:20% auto\"><figure class=\"wp-block-media-text__media\"><img decoding=\"async\" loading=\"lazy\" width=\"142\" height=\"159\" src=\"https:\/\/www.bruehler-staedtefreundschaften.de\/wp-content\/uploads\/2023\/10\/Fuehlung.jpg\" alt=\"\" class=\"wp-image-693 size-full\"\/><\/figure><div class=\"wp-block-media-text__content\">\n<p class=\"has-large-font-size\"><strong>Stellvertretende Vorsitzende<\/strong><\/p>\n\n\n\n<p class=\"has-large-font-size\">Dorotea Falkenbach<\/p>\n<\/div><\/div>\n\n\n\n<div class=\"wp-block-media-text is-stacked-on-mobile\" style=\"grid-template-columns:20% auto\"><figure class=\"wp-block-media-text__media\"><img decoding=\"async\" loading=\"lazy\" width=\"142\" height=\"159\" src=\"https:\/\/www.bruehler-staedtefreundschaften.de\/wp-content\/uploads\/2023\/10\/Fuehlung.jpg\" alt=\"\" class=\"wp-image-693 size-full\"\/><\/figure><div class=\"wp-block-media-text__content\">\n<p class=\"has-large-font-size\"><strong>Gesch\u00e4ftsf\u00fchrerin<\/strong><\/p>\n\n\n\n<p class=\"has-large-font-size\">Elisabeth Blaeser<\/p>\n<\/div><\/div>\n\n\n\n<div class=\"wp-block-media-text is-stacked-on-mobile\" style=\"grid-template-columns:20% auto\"><figure class=\"wp-block-media-text__media\"><img decoding=\"async\" loading=\"lazy\" width=\"768\" height=\"1024\" src=\"https:\/\/www.bruehler-staedtefreundschaften.de\/wp-content\/uploads\/2012\/09\/alexi-768x1024.jpg\" alt=\"\" class=\"wp-image-378 size-full\" srcset=\"https:\/\/www.bruehler-staedtefreundschaften.de\/wp-content\/uploads\/2012\/09\/alexi-768x1024.jpg 768w, https:\/\/www.bruehler-staedtefreundschaften.de\/wp-content\/uploads\/2012\/09\/alexi-225x300.jpg 225w, https:\/\/www.bruehler-staedtefreundschaften.de\/wp-content\/uploads\/2012\/09\/alexi.jpg 1200w\" sizes=\"(max-width: 768px) 100vw, 768px\" \/><\/figure><div class=\"wp-block-media-text__content\">\n<p class=\"has-large-font-size\"><strong>Schatzmeisterin<\/strong><\/p>\n\n\n\n<p class=\"has-large-font-size\">Birgit Alexi<\/p>\n<\/div><\/div>\n\n\n\n<div class=\"wp-block-media-text is-stacked-on-mobile\" style=\"grid-template-columns:20% auto\"><figure class=\"wp-block-media-text__media\"><img decoding=\"async\" loading=\"lazy\" width=\"142\" height=\"159\" src=\"https:\/\/www.bruehler-staedtefreundschaften.de\/wp-content\/uploads\/2023\/10\/Fuehlung.jpg\" alt=\"\" class=\"wp-image-693 size-full\"\/><\/figure><div class=\"wp-block-media-text__content\">\n<p class=\"has-large-font-size\"><strong>Vertreterin der Stadt Br\u00fchl<\/strong><\/p>\n\n\n\n<p class=\"has-large-font-size\">Maria Langwald<\/p>\n<\/div><\/div>\n\n\n\n<div class=\"wp-block-media-text is-stacked-on-mobile\" style=\"grid-template-columns:20% auto\"><figure class=\"wp-block-media-text__media\"><img decoding=\"async\" loading=\"lazy\" width=\"142\" height=\"159\" src=\"https:\/\/www.bruehler-staedtefreundschaften.de\/wp-content\/uploads\/2023\/10\/Fuehlung.jpg\" alt=\"\" class=\"wp-image-693 size-full\"\/><\/figure><div class=\"wp-block-media-text__content\">\n<p class=\"has-large-font-size\"><strong>Beisitzerin<\/strong><\/p>\n\n\n\n<p class=\"has-large-font-size\">Regina Fornalczyk<\/p>\n<\/div><\/div>\n\n\n\n<div class=\"wp-block-media-text is-stacked-on-mobile\" style=\"grid-template-columns:20% auto\"><figure class=\"wp-block-media-text__media\"><img decoding=\"async\" loading=\"lazy\" width=\"142\" height=\"159\" src=\"https:\/\/www.bruehler-staedtefreundschaften.de\/wp-content\/uploads\/2023\/10\/Fuehlung.jpg\" alt=\"\" class=\"wp-image-693 size-full\"\/><\/figure><div class=\"wp-block-media-text__content\">\n<p class=\"has-large-font-size\"><strong>Beisitzer<\/strong><\/p>\n\n\n\n<p class=\"has-large-font-size\">Hans-J\u00fcrgen Hoffmann<\/p>\n<\/div><\/div>\n\n\n\n<div class=\"wp-block-media-text is-stacked-on-mobile\" style=\"grid-template-columns:20% auto\"><figure class=\"wp-block-media-text__media\"><img decoding=\"async\" loading=\"lazy\" width=\"142\" height=\"159\" src=\"https:\/\/www.bruehler-staedtefreundschaften.de\/wp-content\/uploads\/2023\/10\/Fuehlung.jpg\" alt=\"\" class=\"wp-image-693 size-full\"\/><\/figure><div class=\"wp-block-media-text__content\">\n<p class=\"has-large-font-size\"><strong>Beisitzer<\/strong><\/p>\n\n\n\n<p class=\"has-large-font-size\">Matthias Schirmeier<\/p>\n<\/div><\/div>\n","protected":false},"excerpt":{"rendered":"<p>&nbsp; Vorsitzender Michael Wellnitz Stellvertretende Vorsitzende Dorotea Falkenbach Gesch\u00e4ftsf\u00fchrerin Elisabeth Blaeser Schatzmeisterin Birgit Alexi Vertreterin der Stadt Br\u00fchl Maria Langwald Beisitzerin Regina Fornalczyk Beisitzer Hans-J\u00fcrgen Hoffmann Beisitzer Matthias Schirmeier<\/p>\n","protected":false},"author":1,"featured_media":0,"parent":0,"menu_order":4,"comment_status":"open","ping_status":"open","template":"","meta":{"_uag_custom_page_level_css":"","footnotes":""},"uagb_featured_image_src":{"full":false,"thumbnail":false,"medium":false,"medium_large":false,"large":false,"1536x1536":false,"2048x2048":false,"graphene_slider":false,"graphene_featured_image":false,"post-thumbnail":false,"rpwe-thumbnail":false},"uagb_author_info":{"display_name":"admin","author_link":"https:\/\/www.bruehler-staedtefreundschaften.de\/?author=1"},"uagb_comment_info":0,"uagb_excerpt":"&nbsp; Vorsitzender Michael Wellnitz Stellvertretende Vorsitzende Dorotea Falkenbach Gesch\u00e4ftsf\u00fchrerin Elisabeth Blaeser Schatzmeisterin Birgit Alexi Vertreterin der Stadt Br\u00fchl Maria Langwald Beisitzerin Regina Fornalczyk Beisitzer Hans-J\u00fcrgen Hoffmann Beisitzer Matthias Schirmeier","_links":{"self":[{"href":"https:\/\/www.bruehler-staedtefreundschaften.de\/index.php?rest_route=\/wp\/v2\/pages\/79"}],"collection":[{"href":"https:\/\/www.bruehler-staedtefreundschaften.de\/index.php?rest_route=\/wp\/v2\/pages"}],"about":[{"href":"https:\/\/www.bruehler-staedtefreundschaften.de\/index.php?rest_route=\/wp\/v2\/types\/page"}],"author":[{"embeddable":true,"href":"https:\/\/www.bruehler-staedtefreundschaften.de\/index.php?rest_route=\/wp\/v2\/users\/1"}],"replies":[{"embeddable":true,"href":"https:\/\/www.bruehler-staedtefreundschaften.de\/index.php?rest_route=%2Fwp%2Fv2%2Fcomments&post=79"}],"version-history":[{"count":22,"href":"https:\/\/www.bruehler-staedtefreundschaften.de\/index.php?rest_route=\/wp\/v2\/pages\/79\/revisions"}],"predecessor-version":[{"id":739,"href":"https:\/\/www.bruehler-staedtefreundschaften.de\/index.php?rest_route=\/wp\/v2\/pages\/79\/revisions\/739"}],"wp:attachment":[{"href":"https:\/\/www.bruehler-staedtefreundschaften.de\/index.php?rest_route=%2Fwp%2Fv2%2Fmedia&parent=79"}],"curies":[{"name":"wp","href":"https:\/\/api.w.org\/{rel}","templated":true}]}}