{"id":9,"date":"2012-09-27T11:33:36","date_gmt":"2012-09-27T11:33:36","guid":{"rendered":"http:\/\/www.burnspage.de\/partnerschaft\/wordpress\/?page_id=9"},"modified":"2025-08-10T12:28:51","modified_gmt":"2025-08-10T10:28:51","slug":"sceaux","status":"publish","type":"page","link":"https:\/\/www.bruehler-staedtefreundschaften.de\/?page_id=9","title":{"rendered":"Sceaux"},"content":{"rendered":"<p><img decoding=\"async\" loading=\"lazy\" class=\"alignleft size-thumbnail wp-image-57\" title=\"sceaux\" src=\"wp-content\/uploads\/2012\/09\/sceaux-150x150.png\" alt=\"\" width=\"150\" height=\"150\" srcset=\"https:\/\/www.bruehler-staedtefreundschaften.de\/wp-content\/uploads\/2012\/09\/sceaux-150x150.png 150w, https:\/\/www.bruehler-staedtefreundschaften.de\/wp-content\/uploads\/2012\/09\/sceaux-300x300.png 300w, https:\/\/www.bruehler-staedtefreundschaften.de\/wp-content\/uploads\/2012\/09\/sceaux.png 339w\" sizes=\"(max-width: 150px) 100vw, 150px\" \/>Die franz\u00f6sische Partnerstadt Sceaux liegt im D\u00e9partement Hauts-de-Seine und in der Region \u00cele de France, nur wenige Kilometer s\u00fcdlich von Paris. Die Einwohnerzahl betr\u00e4gt ca. 20.000. \u00a0Wie Br\u00fchl ist Sceaux ein beliebter Wohnort mit G\u00e4rten, Parks und einem Schloss.<\/p>\n<p>Sceaux ist auch ein bedeutender Bildungsstandort. Neben zahlreichen Grundschulen gibt es die Gymnasien &#8222;Lakanal&#8220; und &#8222;Marie-Curie&#8220;. \u00a0Zudem hat hier die &#8222;Facult\u00e9 Jean-Monnet&#8220; der Universit\u00e4t Paris-S\u00fcd ihren Sitz.<\/p>\n<p>Verkehrstechnisch ist Sceaux an das Nationalstra\u00dfen- und Autobahnnetz angeschlossen. \u00dcber die Schnellbahn RER gelangt man in ungef\u00e4hr 30 Minuten ins Pariser Zentrum.<\/p>\n<p>Der Vertrag zur St\u00e4dtepartnerschaft zwischen Br\u00fchl und Sceaux wurde am 6. Juni 1964 unterzeichnet.<\/p>\n<p>Der Partnerschaftsverein in Sceaux nennt sich &#8222;Centre Sc\u00e9en des Amiti\u00e9s Internationales&#8220; (CSAI). Die Adresse des Internetauftritts lautet:<\/p>\n<p><a href=\"https:\/\/csaisceaux.fr\/\">https:\/\/csaisceaux.fr\/<\/a><\/p>\n","protected":false},"excerpt":{"rendered":"<p>Die franz\u00f6sische Partnerstadt Sceaux liegt im D\u00e9partement Hauts-de-Seine und in der Region \u00cele de France, nur wenige Kilometer s\u00fcdlich von Paris. Die Einwohnerzahl betr\u00e4gt ca. 20.000. \u00a0Wie Br\u00fchl ist Sceaux ein beliebter Wohnort mit G\u00e4rten, Parks und einem Schloss. Sceaux ist auch ein bedeutender Bildungsstandort. Neben zahlreichen Grundschulen gibt es die Gymnasien &#8222;Lakanal&#8220; und &#8222;Marie-Curie&#8220;. &hellip; <\/p>\n<p><a class=\"more-link btn\" href=\"https:\/\/www.bruehler-staedtefreundschaften.de\/?page_id=9\">Weiterlesen<\/a><\/p>\n","protected":false},"author":133,"featured_media":0,"parent":77,"menu_order":1,"comment_status":"open","ping_status":"open","template":"","meta":{"_uag_custom_page_level_css":"","footnotes":""},"uagb_featured_image_src":{"full":false,"thumbnail":false,"medium":false,"medium_large":false,"large":false,"1536x1536":false,"2048x2048":false,"graphene_slider":false,"graphene_featured_image":false,"post-thumbnail":false,"rpwe-thumbnail":false},"uagb_author_info":{"display_name":"Matthias Schirmeier","author_link":"https:\/\/www.bruehler-staedtefreundschaften.de\/?author=133"},"uagb_comment_info":0,"uagb_excerpt":"Die franz\u00f6sische Partnerstadt Sceaux liegt im D\u00e9partement Hauts-de-Seine und in der Region \u00cele de France, nur wenige Kilometer s\u00fcdlich von Paris. Die Einwohnerzahl betr\u00e4gt ca. 20.000. \u00a0Wie Br\u00fchl ist Sceaux ein beliebter Wohnort mit G\u00e4rten, Parks und einem Schloss. Sceaux ist auch ein bedeutender Bildungsstandort. Neben zahlreichen Grundschulen gibt es die Gymnasien &#8222;Lakanal&#8220; und &#8222;Marie-Curie&#8220;.&hellip;","_links":{"self":[{"href":"https:\/\/www.bruehler-staedtefreundschaften.de\/index.php?rest_route=\/wp\/v2\/pages\/9"}],"collection":[{"href":"https:\/\/www.bruehler-staedtefreundschaften.de\/index.php?rest_route=\/wp\/v2\/pages"}],"about":[{"href":"https:\/\/www.bruehler-staedtefreundschaften.de\/index.php?rest_route=\/wp\/v2\/types\/page"}],"author":[{"embeddable":true,"href":"https:\/\/www.bruehler-staedtefreundschaften.de\/index.php?rest_route=\/wp\/v2\/users\/133"}],"replies":[{"embeddable":true,"href":"https:\/\/www.bruehler-staedtefreundschaften.de\/index.php?rest_route=%2Fwp%2Fv2%2Fcomments&post=9"}],"version-history":[{"count":18,"href":"https:\/\/www.bruehler-staedtefreundschaften.de\/index.php?rest_route=\/wp\/v2\/pages\/9\/revisions"}],"predecessor-version":[{"id":749,"href":"https:\/\/www.bruehler-staedtefreundschaften.de\/index.php?rest_route=\/wp\/v2\/pages\/9\/revisions\/749"}],"up":[{"embeddable":true,"href":"https:\/\/www.bruehler-staedtefreundschaften.de\/index.php?rest_route=\/wp\/v2\/pages\/77"}],"wp:attachment":[{"href":"https:\/\/www.bruehler-staedtefreundschaften.de\/index.php?rest_route=%2Fwp%2Fv2%2Fmedia&parent=9"}],"curies":[{"name":"wp","href":"https:\/\/api.w.org\/{rel}","templated":true}]}}